{"id":1425,"date":"2024-10-27T13:48:15","date_gmt":"2024-10-27T13:48:15","guid":{"rendered":"https:\/\/spino-gambino.org\/contacto\/"},"modified":"2026-01-21T14:48:22","modified_gmt":"2026-01-21T14:48:22","slug":"kontakt","status":"publish","type":"page","link":"https:\/\/spino-gambino.org\/pl\/kontakt\/","title":{"rendered":"Kontakt"},"content":{"rendered":"<h1>Skontaktuj si\u0119 z nami<\/h1>\n<p class=\"wpcf7-contact-form-not-found\"><strong>Error:<\/strong> Contact form not found.<\/p>\n","protected":false},"excerpt":{"rendered":"<p>Skontaktuj si\u0119 z nami<\/p>\n","protected":false},"author":1,"featured_media":0,"parent":0,"menu_order":0,"comment_status":"closed","ping_status":"closed","template":"template-builder.php","meta":{"_acf_changed":false,"inline_featured_image":false,"footnotes":""},"class_list":["post-1425","page","type-page","status-publish","hentry"],"acf":[],"yoast_head":"<!-- This site is optimized with the Yoast SEO plugin v27.3 - https:\/\/yoast.com\/product\/yoast-seo-wordpress\/ -->\n<title>Cont\u00e1ctenosSkontaktuj si\u0119 z nam<\/title>\n<meta name=\"description\" content=\"W razie jakichkolwiek pyta\u0144 lub potrzeby pomocy prosimy o kontakt. Prosimy o wype\u0142nienie formularza, a nasz zesp\u00f3\u0142 wsparcia skontaktuje si\u0119 z Pa\u0144stwem niezw\u0142ocznie, aby odpowiedzie\u0107 na Pa\u0144stwa pytania.\" \/>\n<meta name=\"robots\" content=\"index, follow, max-snippet:-1, max-image-preview:large, max-video-preview:-1\" \/>\n<link rel=\"canonical\" href=\"https:\/\/spino-gambino.org\/pl\/kontakt\/\" \/>\n<meta property=\"og:locale\" content=\"pl_PL\" \/>\n<meta property=\"og:type\" content=\"article\" \/>\n<meta property=\"og:title\" content=\"Cont\u00e1ctenosSkontaktuj si\u0119 z nam\" \/>\n<meta property=\"og:description\" content=\"W razie jakichkolwiek pyta\u0144 lub potrzeby pomocy prosimy o kontakt. Prosimy o wype\u0142nienie formularza, a nasz zesp\u00f3\u0142 wsparcia skontaktuje si\u0119 z Pa\u0144stwem niezw\u0142ocznie, aby odpowiedzie\u0107 na Pa\u0144stwa pytania.\" \/>\n<meta property=\"og:url\" content=\"https:\/\/spino-gambino.org\/pl\/kontakt\/\" \/>\n<meta property=\"og:site_name\" content=\"Spinogambino\" \/>\n<meta property=\"article:modified_time\" content=\"2026-01-21T14:48:22+00:00\" \/>\n<meta name=\"twitter:card\" content=\"summary_large_image\" \/>\n<meta name=\"twitter:label1\" content=\"Est. reading time\" \/>\n\t<meta name=\"twitter:data1\" content=\"1 minuta\" \/>\n<script type=\"application\/ld+json\" class=\"yoast-schema-graph\">{\"@context\":\"https:\\\/\\\/schema.org\",\"@graph\":[{\"@type\":\"WebPage\",\"@id\":\"https:\\\/\\\/spino-gambino.org\\\/pl\\\/kontakt\\\/\",\"url\":\"https:\\\/\\\/spino-gambino.org\\\/pl\\\/kontakt\\\/\",\"name\":\"Cont\u00e1ctenosSkontaktuj si\u0119 z nam\",\"isPartOf\":{\"@id\":\"https:\\\/\\\/spino-gambino.org\\\/pl\\\/#website\"},\"datePublished\":\"2024-10-27T13:48:15+00:00\",\"dateModified\":\"2026-01-21T14:48:22+00:00\",\"description\":\"W razie jakichkolwiek pyta\u0144 lub potrzeby pomocy prosimy o kontakt. Prosimy o wype\u0142nienie formularza, a nasz zesp\u00f3\u0142 wsparcia skontaktuje si\u0119 z Pa\u0144stwem niezw\u0142ocznie, aby odpowiedzie\u0107 na Pa\u0144stwa pytania.\",\"breadcrumb\":{\"@id\":\"https:\\\/\\\/spino-gambino.org\\\/pl\\\/kontakt\\\/#breadcrumb\"},\"inLanguage\":\"pl-PL\",\"potentialAction\":[{\"@type\":\"ReadAction\",\"target\":[\"https:\\\/\\\/spino-gambino.org\\\/pl\\\/kontakt\\\/\"]}]},{\"@type\":\"BreadcrumbList\",\"@id\":\"https:\\\/\\\/spino-gambino.org\\\/pl\\\/kontakt\\\/#breadcrumb\",\"itemListElement\":[{\"@type\":\"ListItem\",\"position\":1,\"name\":\"Spinogambino\",\"item\":\"https:\\\/\\\/spino-gambino.org\\\/pl\\\/\"},{\"@type\":\"ListItem\",\"position\":2,\"name\":\"Kontakt\"}]},{\"@type\":\"WebSite\",\"@id\":\"https:\\\/\\\/spino-gambino.org\\\/pl\\\/#website\",\"url\":\"https:\\\/\\\/spino-gambino.org\\\/pl\\\/\",\"name\":\"Spinogambino\",\"description\":\"\",\"publisher\":{\"@id\":\"https:\\\/\\\/spino-gambino.org\\\/pl\\\/#organization\"},\"potentialAction\":[{\"@type\":\"SearchAction\",\"target\":{\"@type\":\"EntryPoint\",\"urlTemplate\":\"https:\\\/\\\/spino-gambino.org\\\/pl\\\/?s={search_term_string}\"},\"query-input\":{\"@type\":\"PropertyValueSpecification\",\"valueRequired\":true,\"valueName\":\"search_term_string\"}}],\"inLanguage\":\"pl-PL\"},{\"@type\":\"Organization\",\"@id\":\"https:\\\/\\\/spino-gambino.org\\\/pl\\\/#organization\",\"name\":\"Spinogambino\",\"url\":\"https:\\\/\\\/spino-gambino.org\\\/pl\\\/\",\"logo\":{\"@type\":\"ImageObject\",\"inLanguage\":\"pl-PL\",\"@id\":\"https:\\\/\\\/spino-gambino.org\\\/pl\\\/#\\\/schema\\\/logo\\\/image\\\/\",\"url\":\"https:\\\/\\\/spino-gambino.org\\\/wp-content\\\/uploads\\\/2026\\\/01\\\/Casino-logo-Mobile.png\",\"contentUrl\":\"https:\\\/\\\/spino-gambino.org\\\/wp-content\\\/uploads\\\/2026\\\/01\\\/Casino-logo-Mobile.png\",\"width\":39,\"height\":26,\"caption\":\"Spinogambino\"},\"image\":{\"@id\":\"https:\\\/\\\/spino-gambino.org\\\/pl\\\/#\\\/schema\\\/logo\\\/image\\\/\"}}]}<\/script>\n<!-- \/ Yoast SEO plugin. -->","yoast_head_json":{"title":"Cont\u00e1ctenosSkontaktuj si\u0119 z nam","description":"W razie jakichkolwiek pyta\u0144 lub potrzeby pomocy prosimy o kontakt. Prosimy o wype\u0142nienie formularza, a nasz zesp\u00f3\u0142 wsparcia skontaktuje si\u0119 z Pa\u0144stwem niezw\u0142ocznie, aby odpowiedzie\u0107 na Pa\u0144stwa pytania.","robots":{"index":"index","follow":"follow","max-snippet":"max-snippet:-1","max-image-preview":"max-image-preview:large","max-video-preview":"max-video-preview:-1"},"canonical":"https:\/\/spino-gambino.org\/pl\/kontakt\/","og_locale":"pl_PL","og_type":"article","og_title":"Cont\u00e1ctenosSkontaktuj si\u0119 z nam","og_description":"W razie jakichkolwiek pyta\u0144 lub potrzeby pomocy prosimy o kontakt. Prosimy o wype\u0142nienie formularza, a nasz zesp\u00f3\u0142 wsparcia skontaktuje si\u0119 z Pa\u0144stwem niezw\u0142ocznie, aby odpowiedzie\u0107 na Pa\u0144stwa pytania.","og_url":"https:\/\/spino-gambino.org\/pl\/kontakt\/","og_site_name":"Spinogambino","article_modified_time":"2026-01-21T14:48:22+00:00","twitter_card":"summary_large_image","twitter_misc":{"Est. reading time":"1 minuta"},"schema":{"@context":"https:\/\/schema.org","@graph":[{"@type":"WebPage","@id":"https:\/\/spino-gambino.org\/pl\/kontakt\/","url":"https:\/\/spino-gambino.org\/pl\/kontakt\/","name":"Cont\u00e1ctenosSkontaktuj si\u0119 z nam","isPartOf":{"@id":"https:\/\/spino-gambino.org\/pl\/#website"},"datePublished":"2024-10-27T13:48:15+00:00","dateModified":"2026-01-21T14:48:22+00:00","description":"W razie jakichkolwiek pyta\u0144 lub potrzeby pomocy prosimy o kontakt. Prosimy o wype\u0142nienie formularza, a nasz zesp\u00f3\u0142 wsparcia skontaktuje si\u0119 z Pa\u0144stwem niezw\u0142ocznie, aby odpowiedzie\u0107 na Pa\u0144stwa pytania.","breadcrumb":{"@id":"https:\/\/spino-gambino.org\/pl\/kontakt\/#breadcrumb"},"inLanguage":"pl-PL","potentialAction":[{"@type":"ReadAction","target":["https:\/\/spino-gambino.org\/pl\/kontakt\/"]}]},{"@type":"BreadcrumbList","@id":"https:\/\/spino-gambino.org\/pl\/kontakt\/#breadcrumb","itemListElement":[{"@type":"ListItem","position":1,"name":"Spinogambino","item":"https:\/\/spino-gambino.org\/pl\/"},{"@type":"ListItem","position":2,"name":"Kontakt"}]},{"@type":"WebSite","@id":"https:\/\/spino-gambino.org\/pl\/#website","url":"https:\/\/spino-gambino.org\/pl\/","name":"Spinogambino","description":"","publisher":{"@id":"https:\/\/spino-gambino.org\/pl\/#organization"},"potentialAction":[{"@type":"SearchAction","target":{"@type":"EntryPoint","urlTemplate":"https:\/\/spino-gambino.org\/pl\/?s={search_term_string}"},"query-input":{"@type":"PropertyValueSpecification","valueRequired":true,"valueName":"search_term_string"}}],"inLanguage":"pl-PL"},{"@type":"Organization","@id":"https:\/\/spino-gambino.org\/pl\/#organization","name":"Spinogambino","url":"https:\/\/spino-gambino.org\/pl\/","logo":{"@type":"ImageObject","inLanguage":"pl-PL","@id":"https:\/\/spino-gambino.org\/pl\/#\/schema\/logo\/image\/","url":"https:\/\/spino-gambino.org\/wp-content\/uploads\/2026\/01\/Casino-logo-Mobile.png","contentUrl":"https:\/\/spino-gambino.org\/wp-content\/uploads\/2026\/01\/Casino-logo-Mobile.png","width":39,"height":26,"caption":"Spinogambino"},"image":{"@id":"https:\/\/spino-gambino.org\/pl\/#\/schema\/logo\/image\/"}}]}},"_links":{"self":[{"href":"https:\/\/spino-gambino.org\/pl\/wp-json\/wp\/v2\/pages\/1425","targetHints":{"allow":["GET"]}}],"collection":[{"href":"https:\/\/spino-gambino.org\/pl\/wp-json\/wp\/v2\/pages"}],"about":[{"href":"https:\/\/spino-gambino.org\/pl\/wp-json\/wp\/v2\/types\/page"}],"author":[{"embeddable":true,"href":"https:\/\/spino-gambino.org\/pl\/wp-json\/wp\/v2\/users\/1"}],"replies":[{"embeddable":true,"href":"https:\/\/spino-gambino.org\/pl\/wp-json\/wp\/v2\/comments?post=1425"}],"version-history":[{"count":2,"href":"https:\/\/spino-gambino.org\/pl\/wp-json\/wp\/v2\/pages\/1425\/revisions"}],"predecessor-version":[{"id":1461,"href":"https:\/\/spino-gambino.org\/pl\/wp-json\/wp\/v2\/pages\/1425\/revisions\/1461"}],"wp:attachment":[{"href":"https:\/\/spino-gambino.org\/pl\/wp-json\/wp\/v2\/media?parent=1425"}],"curies":[{"name":"wp","href":"https:\/\/api.w.org\/{rel}","templated":true}]}}